{"id":896,"date":"2024-02-09T21:48:16","date_gmt":"2024-02-09T20:48:16","guid":{"rendered":"https:\/\/handicapcar-occasion.fr\/?page_id=896"},"modified":"2024-07-12T07:14:09","modified_gmt":"2024-07-12T05:14:09","slug":"mentions-legales","status":"publish","type":"page","link":"https:\/\/handicapcar-occasion.com\/pt\/mentions-legales\/","title":{"rendered":"Avisos Legais"},"content":{"rendered":"<div data-elementor-type=\"wp-page\" data-elementor-id=\"896\" class=\"elementor elementor-896\" wpc-filter-elementor-widget=\"1\" data-elementor-post-type=\"page\">\n\t\t\t\t\t\t<section class=\"has_ae_slider elementor-section elementor-top-section elementor-element elementor-element-907b142 elementor-section-boxed elementor-section-height-default elementor-section-height-default ae-bg-gallery-type-default\" data-id=\"907b142\" data-element_type=\"section\" data-e-type=\"section\">\n\t\t\t\t\t\t<div class=\"elementor-container elementor-column-gap-default\">\n\t\t\t\t\t<div class=\"has_ae_slider elementor-column elementor-col-100 elementor-top-column elementor-element elementor-element-f6c2f33 ae-bg-gallery-type-default\" data-id=\"f6c2f33\" data-element_type=\"column\" data-e-type=\"column\">\n\t\t\t<div class=\"elementor-widget-wrap elementor-element-populated\">\n\t\t\t\t\t\t<div class=\"elementor-element elementor-element-fd44745 elementor-widget elementor-widget-heading\" data-id=\"fd44745\" data-element_type=\"widget\" data-e-type=\"widget\" data-widget_type=\"heading.default\">\n\t\t\t\t\t<span class=\"elementor-heading-title elementor-size-default\">MENTIONS L\u00c9GALES<\/span>\t\t\t\t<\/div>\n\t\t\t\t<div class=\"elementor-element elementor-element-029a1cd elementor-widget elementor-widget-text-editor\" data-id=\"029a1cd\" data-element_type=\"widget\" data-e-type=\"widget\" data-widget_type=\"text-editor.default\">\n\t\t\t\t\t\t\t\t\t<h2>EDITEUR<\/h2>\nLe site <strong>handicapcar-occasion.com<\/strong> est \u00e9dit\u00e9 par :\n<ul>\n \t<li>Nom : HANDICAPCAR OCCASION<\/li>\n \t<li>Adresse : 418 CHEMIN DES CLAUSES. 83720 TRANS-EN-PROVENCE<\/li>\n \t<li>Adresse \u00e9lectronique : contact@handicapcar-occasion.com<\/li>\n \t<li>N\u00b0 SIREN : 911 693 364<\/li>\n \t<li>Directeur de r\u00e9daction et de publication : Nathan AUDEBAUD<\/li>\n<\/ul>\n<h2>H\u00c9BERGEMENT<\/h2>\nO2SWITCH : 222 \u2013 224 boulevard Gustave Flaubert \u2013 63000 CLERMONT-FERRAND\nRCS 510 909 807 Clermont-Ferrand\nT\u00e9l de l\u2019h\u00e9bergeur +33 (0)4 44 44 60 40\n\nCe site respecte le droit d\u2019auteur. Tous les droits des auteurs des oeuvres prot\u00e9g\u00e9es reproduites et communiqu\u00e9es sur ce site sont r\u00e9serv\u00e9s. Sauf autorisation, toute utilisation des oeuvres autres que la reproduction et la consultation individuelles et priv\u00e9es sont interdites.\n<h2>DONN\u00c9ES PERSONNELLES<\/h2>\nLe site ne collecte pas de donn\u00e9es personnelles.\t\t\t\t\t\t\t\t<\/div>\n\t\t\t\t\t<\/div>\n\t\t<\/div>\n\t\t\t\t\t<\/div>\n\t\t<\/section>\n\t\t\t\t<\/div>","protected":false},"excerpt":{"rendered":"<p>MENTIONS L\u00c9GALES EDITEUR Le site handicapcar-occasion.com est \u00e9dit\u00e9 par : Nom : HANDICAPCAR OCCASION Adresse : 418 CHEMIN DES CLAUSES. [&hellip;]<\/p>\n","protected":false},"author":1,"featured_media":0,"parent":0,"menu_order":0,"comment_status":"closed","ping_status":"closed","template":"elementor_header_footer","meta":{"_acf_changed":false,"site-sidebar-layout":"default","site-content-layout":"","ast-site-content-layout":"default","site-content-style":"default","site-sidebar-style":"default","ast-global-header-display":"","ast-banner-title-visibility":"","ast-main-header-display":"","ast-hfb-above-header-display":"","ast-hfb-below-header-display":"","ast-hfb-mobile-header-display":"","site-post-title":"","ast-breadcrumbs-content":"","ast-featured-img":"","footer-sml-layout":"","ast-disable-related-posts":"","theme-transparent-header-meta":"","adv-header-id-meta":"","stick-header-meta":"","header-above-stick-meta":"","header-main-stick-meta":"","header-below-stick-meta":"","astra-migrate-meta-layouts":"default","ast-page-background-enabled":"default","ast-page-background-meta":{"desktop":{"background-color":"var(--ast-global-color-5)","background-image":"","background-repeat":"repeat","background-position":"center center","background-size":"auto","background-attachment":"scroll","background-type":"","background-media":"","overlay-type":"","overlay-color":"","overlay-opacity":"","overlay-gradient":""},"tablet":{"background-color":"","background-image":"","background-repeat":"repeat","background-position":"center center","background-size":"auto","background-attachment":"scroll","background-type":"","background-media":"","overlay-type":"","overlay-color":"","overlay-opacity":"","overlay-gradient":""},"mobile":{"background-color":"","background-image":"","background-repeat":"repeat","background-position":"center center","background-size":"auto","background-attachment":"scroll","background-type":"","background-media":"","overlay-type":"","overlay-color":"","overlay-opacity":"","overlay-gradient":""}},"ast-content-background-meta":{"desktop":{"background-color":"var(--ast-global-color-4)","background-image":"","background-repeat":"repeat","background-position":"center center","background-size":"auto","background-attachment":"scroll","background-type":"","background-media":"","overlay-type":"","overlay-color":"","overlay-opacity":"","overlay-gradient":""},"tablet":{"background-color":"var(--ast-global-color-4)","background-image":"","background-repeat":"repeat","background-position":"center center","background-size":"auto","background-attachment":"scroll","background-type":"","background-media":"","overlay-type":"","overlay-color":"","overlay-opacity":"","overlay-gradient":""},"mobile":{"background-color":"var(--ast-global-color-4)","background-image":"","background-repeat":"repeat","background-position":"center center","background-size":"auto","background-attachment":"scroll","background-type":"","background-media":"","overlay-type":"","overlay-color":"","overlay-opacity":"","overlay-gradient":""}},"footnotes":""},"class_list":["post-896","page","type-page","status-publish","hentry"],"acf":[],"yoast_head":"<!-- This site is optimized with the Yoast SEO plugin v27.5 - https:\/\/yoast.com\/product\/yoast-seo-wordpress\/ -->\n<title>Mentions L\u00e9gales - HandicapCar Occasion<\/title>\n<meta name=\"robots\" content=\"index, follow, max-snippet:-1, max-image-preview:large, max-video-preview:-1\" \/>\n<link rel=\"canonical\" href=\"https:\/\/handicapcar-occasion.com\/pt\/mentions-legales\/\" \/>\n<meta property=\"og:locale\" content=\"pt_PT\" \/>\n<meta property=\"og:type\" content=\"article\" \/>\n<meta property=\"og:title\" content=\"Mentions L\u00e9gales - HandicapCar Occasion\" \/>\n<meta property=\"og:description\" content=\"MENTIONS L\u00c9GALES EDITEUR Le site handicapcar-occasion.com est \u00e9dit\u00e9 par : Nom : HANDICAPCAR OCCASION Adresse : 418 CHEMIN DES CLAUSES. [&hellip;]\" \/>\n<meta property=\"og:url\" content=\"https:\/\/handicapcar-occasion.com\/pt\/mentions-legales\/\" \/>\n<meta property=\"og:site_name\" content=\"HandicapCar Occasion\" \/>\n<meta property=\"article:publisher\" content=\"https:\/\/www.facebook.com\/handicapcar.occasion\" \/>\n<meta property=\"article:modified_time\" content=\"2024-07-12T05:14:09+00:00\" \/>\n<meta name=\"twitter:card\" content=\"summary_large_image\" \/>\n<meta name=\"twitter:label1\" content=\"Tempo estimado de leitura\" \/>\n\t<meta name=\"twitter:data1\" content=\"1 minuto\" \/>\n<script type=\"application\/ld+json\" class=\"yoast-schema-graph\">{\"@context\":\"https:\\\/\\\/schema.org\",\"@graph\":[{\"@type\":\"WebPage\",\"@id\":\"https:\\\/\\\/handicapcar-occasion.com\\\/mentions-legales\\\/\",\"url\":\"https:\\\/\\\/handicapcar-occasion.com\\\/mentions-legales\\\/\",\"name\":\"Mentions L\u00e9gales - HandicapCar Occasion\",\"isPartOf\":{\"@id\":\"https:\\\/\\\/handicapcar-occasion.com\\\/#website\"},\"datePublished\":\"2024-02-09T20:48:16+00:00\",\"dateModified\":\"2024-07-12T05:14:09+00:00\",\"breadcrumb\":{\"@id\":\"https:\\\/\\\/handicapcar-occasion.com\\\/mentions-legales\\\/#breadcrumb\"},\"inLanguage\":\"pt-PT\",\"potentialAction\":[{\"@type\":\"ReadAction\",\"target\":[\"https:\\\/\\\/handicapcar-occasion.com\\\/mentions-legales\\\/\"]}]},{\"@type\":\"BreadcrumbList\",\"@id\":\"https:\\\/\\\/handicapcar-occasion.com\\\/mentions-legales\\\/#breadcrumb\",\"itemListElement\":[{\"@type\":\"ListItem\",\"position\":1,\"name\":\"Accueil\",\"item\":\"https:\\\/\\\/handicapcar-occasion.com\\\/\"},{\"@type\":\"ListItem\",\"position\":2,\"name\":\"Mentions L\u00e9gales\"}]},{\"@type\":\"WebSite\",\"@id\":\"https:\\\/\\\/handicapcar-occasion.com\\\/#website\",\"url\":\"https:\\\/\\\/handicapcar-occasion.com\\\/\",\"name\":\"HandicapCar Occasion\",\"description\":\"Achat Vente Location TPMR\",\"publisher\":{\"@id\":\"https:\\\/\\\/handicapcar-occasion.com\\\/#organization\"},\"potentialAction\":[{\"@type\":\"SearchAction\",\"target\":{\"@type\":\"EntryPoint\",\"urlTemplate\":\"https:\\\/\\\/handicapcar-occasion.com\\\/?s={search_term_string}\"},\"query-input\":{\"@type\":\"PropertyValueSpecification\",\"valueRequired\":true,\"valueName\":\"search_term_string\"}}],\"inLanguage\":\"pt-PT\"},{\"@type\":\"Organization\",\"@id\":\"https:\\\/\\\/handicapcar-occasion.com\\\/#organization\",\"name\":\"HandicapCar Occasion\",\"url\":\"https:\\\/\\\/handicapcar-occasion.com\\\/\",\"logo\":{\"@type\":\"ImageObject\",\"inLanguage\":\"pt-PT\",\"@id\":\"https:\\\/\\\/handicapcar-occasion.com\\\/#\\\/schema\\\/logo\\\/image\\\/\",\"url\":\"https:\\\/\\\/handicapcar-occasion.com\\\/wp-content\\\/uploads\\\/2020\\\/07\\\/Logo-Handicapcar-Occasion-web.png\",\"contentUrl\":\"https:\\\/\\\/handicapcar-occasion.com\\\/wp-content\\\/uploads\\\/2020\\\/07\\\/Logo-Handicapcar-Occasion-web.png\",\"width\":512,\"height\":158,\"caption\":\"HandicapCar Occasion\"},\"image\":{\"@id\":\"https:\\\/\\\/handicapcar-occasion.com\\\/#\\\/schema\\\/logo\\\/image\\\/\"},\"sameAs\":[\"https:\\\/\\\/www.facebook.com\\\/handicapcar.occasion\"]}]}<\/script>\n<!-- \/ Yoast SEO plugin. -->","yoast_head_json":{"title":"Mentions L\u00e9gales - HandicapCar Occasion","robots":{"index":"index","follow":"follow","max-snippet":"max-snippet:-1","max-image-preview":"max-image-preview:large","max-video-preview":"max-video-preview:-1"},"canonical":"https:\/\/handicapcar-occasion.com\/pt\/mentions-legales\/","og_locale":"pt_PT","og_type":"article","og_title":"Mentions L\u00e9gales - HandicapCar Occasion","og_description":"MENTIONS L\u00c9GALES EDITEUR Le site handicapcar-occasion.com est \u00e9dit\u00e9 par : Nom : HANDICAPCAR OCCASION Adresse : 418 CHEMIN DES CLAUSES. [&hellip;]","og_url":"https:\/\/handicapcar-occasion.com\/pt\/mentions-legales\/","og_site_name":"HandicapCar Occasion","article_publisher":"https:\/\/www.facebook.com\/handicapcar.occasion","article_modified_time":"2024-07-12T05:14:09+00:00","twitter_card":"summary_large_image","twitter_misc":{"Tempo estimado de leitura":"1 minuto"},"schema":{"@context":"https:\/\/schema.org","@graph":[{"@type":"WebPage","@id":"https:\/\/handicapcar-occasion.com\/mentions-legales\/","url":"https:\/\/handicapcar-occasion.com\/mentions-legales\/","name":"Mentions L\u00e9gales - HandicapCar Occasion","isPartOf":{"@id":"https:\/\/handicapcar-occasion.com\/#website"},"datePublished":"2024-02-09T20:48:16+00:00","dateModified":"2024-07-12T05:14:09+00:00","breadcrumb":{"@id":"https:\/\/handicapcar-occasion.com\/mentions-legales\/#breadcrumb"},"inLanguage":"pt-PT","potentialAction":[{"@type":"ReadAction","target":["https:\/\/handicapcar-occasion.com\/mentions-legales\/"]}]},{"@type":"BreadcrumbList","@id":"https:\/\/handicapcar-occasion.com\/mentions-legales\/#breadcrumb","itemListElement":[{"@type":"ListItem","position":1,"name":"Accueil","item":"https:\/\/handicapcar-occasion.com\/"},{"@type":"ListItem","position":2,"name":"Mentions L\u00e9gales"}]},{"@type":"WebSite","@id":"https:\/\/handicapcar-occasion.com\/#website","url":"https:\/\/handicapcar-occasion.com\/","name":"HandicapCar Occasion","description":"Achat Vente Location TPMR","publisher":{"@id":"https:\/\/handicapcar-occasion.com\/#organization"},"potentialAction":[{"@type":"SearchAction","target":{"@type":"EntryPoint","urlTemplate":"https:\/\/handicapcar-occasion.com\/?s={search_term_string}"},"query-input":{"@type":"PropertyValueSpecification","valueRequired":true,"valueName":"search_term_string"}}],"inLanguage":"pt-PT"},{"@type":"Organization","@id":"https:\/\/handicapcar-occasion.com\/#organization","name":"HandicapCar Occasion","url":"https:\/\/handicapcar-occasion.com\/","logo":{"@type":"ImageObject","inLanguage":"pt-PT","@id":"https:\/\/handicapcar-occasion.com\/#\/schema\/logo\/image\/","url":"https:\/\/handicapcar-occasion.com\/wp-content\/uploads\/2020\/07\/Logo-Handicapcar-Occasion-web.png","contentUrl":"https:\/\/handicapcar-occasion.com\/wp-content\/uploads\/2020\/07\/Logo-Handicapcar-Occasion-web.png","width":512,"height":158,"caption":"HandicapCar Occasion"},"image":{"@id":"https:\/\/handicapcar-occasion.com\/#\/schema\/logo\/image\/"},"sameAs":["https:\/\/www.facebook.com\/handicapcar.occasion"]}]}},"_links":{"self":[{"href":"https:\/\/handicapcar-occasion.com\/pt\/wp-json\/wp\/v2\/pages\/896","targetHints":{"allow":["GET"]}}],"collection":[{"href":"https:\/\/handicapcar-occasion.com\/pt\/wp-json\/wp\/v2\/pages"}],"about":[{"href":"https:\/\/handicapcar-occasion.com\/pt\/wp-json\/wp\/v2\/types\/page"}],"author":[{"embeddable":true,"href":"https:\/\/handicapcar-occasion.com\/pt\/wp-json\/wp\/v2\/users\/1"}],"replies":[{"embeddable":true,"href":"https:\/\/handicapcar-occasion.com\/pt\/wp-json\/wp\/v2\/comments?post=896"}],"version-history":[{"count":0,"href":"https:\/\/handicapcar-occasion.com\/pt\/wp-json\/wp\/v2\/pages\/896\/revisions"}],"wp:attachment":[{"href":"https:\/\/handicapcar-occasion.com\/pt\/wp-json\/wp\/v2\/media?parent=896"}],"curies":[{"name":"wp","href":"https:\/\/api.w.org\/{rel}","templated":true}]}}